{"id":21,"date":"2018-10-19T17:19:44","date_gmt":"2018-10-19T16:19:44","guid":{"rendered":"https:\/\/izethozo.com?page_id=21"},"modified":"2020-01-28T16:49:10","modified_gmt":"2020-01-28T16:49:10","slug":"zivotopis","status":"publish","type":"page","link":"https:\/\/izethozo.com\/hr\/zivotopis\/","title":{"rendered":"\u017dIVOTOPIS"},"content":{"rendered":"<p>&nbsp;<\/p>\n<h3>IZOBRAZBA<\/h3>\n<ul style=\"list-style-position: outside; padding-left: 20px; text-align: justify;\">\n<li><span style=\"margin-right: 20px;\"> 1966-1970.<\/span>Gimnazija , Livno, B I H<\/li>\n<li><span style=\"margin-right: 20px;\"> 1970-1975.<\/span>Medicinski fakultet , Sveu\u010dili\u0161te u Sarajevu<\/li>\n<li><span style=\"margin-right: 20px;\"> 1975-1976.<\/span>Lije\u010dni\u010dki sta\u017e MC Livno, Op\u0107a bolnica Split<\/li>\n<li><span style=\"margin-right: 20px;\"> 1976-1977.<\/span>Dr\u017eavni ispit , Ministarstvo zdravstva RH, Higijenski zavod Split<\/li>\n<\/ul>\n<p>&nbsp;<\/p>\n<h3>POSTDOKTORSKA IZOBRAZBA<\/h3>\n<ul style=\"list-style-position: outside; padding-left: 20px; text-align: justify;\">\n<li><span style=\"margin-right: 20px;\"> 1977-1981.<\/span>Specijalizacija iz Interne Medicine,<\/li>\n<li style=\"margin-left: 100px;\">Univerzitetsko-medicinski centar Sarajevo, Klinika za unutarnje bolesti, Klinika za gastroenterologiju i hepatologiju Sarajevo, Predstojnik: Akademik Prof. dr. sc. D\u017eemal Rezakovi\u0107,<\/li>\n<li style=\"margin-left: 135px;\">Univerzitetni Klini\u010dni Center Ljubljana, Interna klinika, Gastroenterologija i hepatologija, Predstojnik: Prof. dr sc. N. Matko,<\/li>\n<li style=\"margin-left: 100px;\">KBC Rebro, Zagreb ,Interna klinika, Interna klinika, Gastroenterologija i hepatologija, Predstojnik Prof.dr.sc. Nijaz Had\u017ei\u0107,<\/li>\n<li style=\"margin-left: 100px;\">Sveu\u010dili\u0161ni medicinski centar, Interna klinika, Geneve (L\u2019Hopital Cantonal Geneve) \u0160vicarska, Predstojnik Prof. M.Muller.<\/li>\n<li><span style=\"margin-right: 20px;\"> 1982-1985.<\/span>Rad na magisteriju: &#8220;Sociomedicinski aspekti alkoholne ciroze jetre&#8221;<\/li>\n<li><span style=\"margin-right: 20px;\"> 1986-1989.<\/span>Rad na doktoratu: &#8220;Sociomedicinski i klini\u010dki aspekti o\u0161te\u0107enja jetre kod radnika u<br \/>\n<span style=\"margin-left: 92px;\">industriji plasti\u010dnih masa&#8221;<\/span><\/li>\n<li><span style=\"margin-right: 35px;\"> od 1986.<\/span>Prvi istra\u017eiva\u010d na projektu: &#8220;O\u0161te\u0107enje jetre kod radnika u industriji plasti\u010dnih masa&#8221;<br \/>\n<span style=\"margin-left: 92px;\">financiranog od hrvatskog Ministarstva znanosti i tehnologije.<\/span><\/li>\n<\/ul>\n<p>&nbsp;<\/p>\n<h3>NASTAVNJA ZVANJA, ZADNJI IZBOR<\/h3>\n<ul style=\"list-style-position: outside; padding-left: 20px; text-align: justify;\">\n<li><span style=\"margin-right: 20px;\"> 1989.<\/span>asistent<\/li>\n<li><span style=\"margin-right: 20px;\"> 1998.<\/span>docent<\/li>\n<li><span style=\"margin-right: 20px;\"> 2003.<\/span>izvanredni profesor<\/li>\n<li><span style=\"margin-right: 20px;\"> 2008.<\/span>redoviti profesor<\/li>\n<li><span style=\"margin-right: 20px;\"> 2013.<\/span>redoviti profesor u trajnom zvanju<\/li>\n<li>2019.&nbsp;&nbsp;&nbsp;&nbsp; profesor emeritus<\/li>\n<\/ul>\n<p>&nbsp;<\/p>\n<h3>SPECIJALIZACIJE<\/h3>\n<ul style=\"list-style-position: outside; padding-left: 20px; text-align: justify;\">\n<li><span style=\"margin-right: 20px;\"> 1981.<\/span>Specijalist interne medicine,<\/li>\n<li><span style=\"margin-right: 20px;\"> 1984.<\/span>Subspecijalista gastroenterolog i hepatolog,<\/li>\n<li><span style=\"margin-right: 20px;\"> 1984.<\/span>Specijalist za ultrazvu\u010dnu dijagnostiku trbuha, \u201eIan Donald school\u201c Interuniverzitetski centar<br \/>\n<span style=\"margin-left: 55px;\">Dubrovnik,<\/span><\/li>\n<\/ul>\n<p>&nbsp;<\/p>\n<h3>KVALIFIKACIJSKI RADOVI<\/h3>\n<ul style=\"list-style-position: outside; padding-left: 20px; text-align: justify;\">\n<li><span style=\"margin-right: 20px;\"> 1985.<\/span>Odbrana magisterija: &#8220;Sociomedicinski aspekti alkoholne ciroze jetre&#8221; Medicinski fakultet,<br \/>\n<span style=\"margin-left: 55px;\">Sarajevo<\/span><\/li>\n<li><span style=\"margin-right: 20px;\"> 1999.<\/span>Odbrana doktorata: &#8220;Sociomedicinski i klini\u010dki aspekti o\u0161te\u0107enja jetre kod radnika u industriji<br \/>\n<span style=\"margin-left: 55px;\">plasti\u010dnih masa&#8221; Medicinski fakultet, Sarajevo<\/span><\/li>\n<\/ul>\n<p>&nbsp;<\/p>\n<h3>POSTDIPLOMSKI STUDIJ<\/h3>\n<ul style=\"list-style-position: outside; padding-left: 20px; text-align: justify;\">\n<li><span style=\"margin-right: 20px;\"> 1977-1981.<\/span>Postdiplomski studij &#8220;Socijalna medicina, zdravstvena informatika i organizacija<br \/>\n<span style=\"margin-left: 92px;\">zdravstvene za\u0161tite&#8221; Institut za socijalnu medicinu Medicinski fakultet, Sarajevo.<\/span><\/li>\n<li><span style=\"margin-right: 20px;\"> 1983-1985.<\/span>Postdiplomski studij iz gastroenterologije i hepatologije, KBC Rebro,<br \/>\n<span style=\"margin-left: 92px;\">Medicinski fakultet, Zagreb.<\/span><\/li>\n<li><span style=\"margin-right: 52px;\"> 1985.<\/span>Postiplomska izobrazba iz endoskopije , Sveu\u010dili\u0161te u Ljubljani, Klini\u010dki centar Ljubljana,<br \/>\n<span style=\"margin-left: 92px;\">Medicinski fakultet.<\/span><\/li>\n<\/ul>\n<p>&nbsp;<\/p>\n<h3>KONGRESI<\/h3>\n<ul style=\"list-style-position: outside; padding-left: 20px; text-align: justify;\">\n<li>II International Congress of gastroenterology Roma , 1988<\/li>\n<li>United European Gastroenterology Week 1998,in conjunction with World Congress of<br \/>\n<span style=\"margin-left: 20px;\">Gastroenterology,<\/span><\/li>\n<li>September 6-11, 1998, Vienna, Austria<\/li>\n<li>United European Gastroenterology Week 1999 ,November 13-17, 1999,Rome, Italy<\/li>\n<li>United European Gastroenterology Week 2000, November 25-30, 2000,Brussels, Belgium<\/li>\n<li>I Kongres gastroenterologa BiH Sarajevo, 2002<\/li>\n<li>The World Congress of Gastroenterology (WCOG) Bangkok, Thailand, 24 February &#8211; 1 March 2002.<\/li>\n<li>DDW 2004: Digestive Disease Week New Orleans, Lousianna, 16.05. \u2013 19.05. 2004<\/li>\n<li>United European Gastroenterology Week 2004,September 25-29, 2004,Prague, Czech Republic<\/li>\n<li>II Kongres gastroenterologa BiH Tuzla 2004.<\/li>\n<li>Digestive Disease Week 2005,May 14 &#8211; 19, 2005; Chicago, Illinois<\/li>\n<li>United European Gastroenterology Week 2005.October 15-19, 2005.Copenhagen, Denmark<\/li>\n<li>Digestive Disease Week 2006, May 20 &#8211; 25, 2006; Los Angeles, California<\/li>\n<li>Pan-American Congress of Gastroenterology, Cancun, Mexico, November 15, 2006.<\/li>\n<li>Digestive Disease Week 2007 (DDW), May 19 &#8211; 24, 2007; Washington, DC<\/li>\n<li>Digestive Disease Week (DDW) 2008;May 17 &#8211; 22, 2008; San Diego, California 2010. 6th<br \/>\n<span style=\"margin-left: 20px;\">Congress of ECCO, Dublin,<\/span><\/li>\n<li>United European Gastroenterology Week 2008,October 18-22, 2008, Vienna, Austria<\/li>\n<li>III Kongres gastroenterologa BiH Banja Luka 2009<\/li>\n<li>United European Gastroenterology Week 2010,October 23-27, 2011,Barcelona, Spain<\/li>\n<li>IV Kongres gastroenterologa BiH Sarajevo, 2011<\/li>\n<li>VI Kongres hrvatskog gastroenterolo\u0161kog dru\u0161tva, Zagreb 2012.<\/li>\n<\/ul>\n<p>&nbsp;<\/p>\n<h3>ZAPOSLENJA<\/h3>\n<ul style=\"list-style-position: outside; padding-left: 20px; text-align: justify;\">\n<li><span style=\"margin-right: 20px;\"> 1975-1976.<\/span>Medicinski centar Livno, Op\u0107a praksa, Livno, BiH<\/li>\n<li><span style=\"margin-right: 20px;\"> 1976-1977.<\/span>Dom zdravlja Kupres, Voditelj primarne za\u0161tite, Kupres BiH<\/li>\n<li><span style=\"margin-right: 20px;\"> 1983-2001.<\/span>Voditelj odsjeka za ultrazvu\u010dnu i endoskopsku dijagnostiku, Interna Klinika Split,<br \/>\n<span style=\"margin-left: 92px;\">Klini\u010dki odjel za gastroenterologiju i hepatologiju, KBC<\/span><\/li>\n<li><span style=\"margin-right: 20px;\"> 2001-2009.<\/span>Voditelj Klini\u010dkog odjela gastroenterologije Kri\u017eine, KBC Split<\/li>\n<li><span style=\"margin-right: 10px;\"> 2009 &#8211; srpanj 2016.<\/span>Predstojnik Klini\u010dkog odjela Gastroenterologija i hepatologija KBC Split<\/li>\n<li><span style=\"margin-right: 15px;\"> 2016. srpanj<\/span>U mirovini, radi pola radnog vremena<\/li>\n<\/ul>\n<p>&nbsp;<\/p>\n<h3>\u010cLANSTVA I PROFESIONALNE AKTIVNOSTI<\/h3>\n<ul style=\"list-style-position: outside; padding-left: 20px; text-align: justify;\">\n<li><span style=\"margin-right: 20px;\"> 1976.<\/span>\u010clan Udru\u017eenja ljekara B I H<\/li>\n<li><span style=\"margin-right: 20px;\"> 1983.<\/span>\u010clan Zbora lije\u010dnika Hrvatske<\/li>\n<li><span style=\"margin-right: 20px;\"> 1983.<\/span>\u010clan Hrvatskog gastroenterolo\u0161kog dru\u0161tva<\/li>\n<li><span style=\"margin-right: 20px;\"> 1985.<\/span>\u010clan sekcije za ultrazvuk ZLH<\/li>\n<li><span style=\"margin-right: 20px;\"> 1988.<\/span>\u010clan New York Academy of Sciences<\/li>\n<li><span style=\"margin-right: 20px;\"> 1990.<\/span>\u010clan of European Society for Endoscopy and Ultrasound<\/li>\n<li><span style=\"margin-right: 20px;\"> 2009.<\/span>\u010clan upravnog odbora HGD<\/li>\n<li><span style=\"margin-right: 20px;\"> 2009.<\/span>Redoviti \u010dlan Akademije medicinskih nauka BiH<\/li>\n<\/ul>\n<p>&nbsp;<\/p>\n<h3>PROFESIONALNI I ISTRA\u017dIVA\u010cKI INTERES<\/h3>\n<ul style=\"list-style-position: outside; padding-left: 20px; text-align: justify;\">\n<li>Ultrazvuk i endoskopija<\/li>\n<li>Upalne bolesti crijeva<\/li>\n<li>O\u0161te\u0107enja jetre uzrokovana vinilkloridmonomerom i kemijske supstance<\/li>\n<li>O\u0161te\u0107enja jetre uzrokovana alkoholom<\/li>\n<li>GERB<\/li>\n<li>Hb pylori<\/li>\n<\/ul>\n<p>&nbsp;<\/p>\n<h3>PRIZNANJA I NAGRADE<\/h3>\n<ul style=\"list-style-position: outside; padding-left: 20px; text-align: justify;\">\n<li><span style=\"margin-right: 20px;\"> 1998.<\/span>Zahvalnica Hrvatskog lije\u010dni\u010dkog zbora<\/li>\n<li><span style=\"margin-right: 20px;\"> 2005.<\/span>Diploma Hrvatskog lije\u010dni\u010dkog zbora<\/li>\n<li><span style=\"margin-right: 20px;\"> 2015.<\/span>Povelja Hrvatskog lije\u010dni\u010dkog zbora<\/li>\n<li><span style=\"margin-right: 20px;\"> 2016.<\/span>Nagrada grada Split za \u017eivotno djelo<\/li>\n<\/ul>\n<p>&nbsp;<\/p>\n","protected":false},"excerpt":{"rendered":"<p>&nbsp; IZOBRAZBA 1966-1970.Gimnazija , Livno, B I H 1970-1975.Medicinski fakultet , Sveu\u010dili\u0161te u Sarajevu 1975-1976.Lije\u010dni\u010dki sta\u017e MC Livno, Op\u0107a bolnica &#8230;<\/p>\n","protected":false},"author":1,"featured_media":0,"parent":0,"menu_order":0,"comment_status":"closed","ping_status":"closed","template":"","meta":{"ngg_post_thumbnail":0},"_links":{"self":[{"href":"https:\/\/izethozo.com\/hr\/wp-json\/wp\/v2\/pages\/21"}],"collection":[{"href":"https:\/\/izethozo.com\/hr\/wp-json\/wp\/v2\/pages"}],"about":[{"href":"https:\/\/izethozo.com\/hr\/wp-json\/wp\/v2\/types\/page"}],"author":[{"embeddable":true,"href":"https:\/\/izethozo.com\/hr\/wp-json\/wp\/v2\/users\/1"}],"replies":[{"embeddable":true,"href":"https:\/\/izethozo.com\/hr\/wp-json\/wp\/v2\/comments?post=21"}],"version-history":[{"count":0,"href":"https:\/\/izethozo.com\/hr\/wp-json\/wp\/v2\/pages\/21\/revisions"}],"wp:attachment":[{"href":"https:\/\/izethozo.com\/hr\/wp-json\/wp\/v2\/media?parent=21"}],"curies":[{"name":"wp","href":"https:\/\/api.w.org\/{rel}","templated":true}]}}